{"id":2,"date":"2014-11-17T19:30:58","date_gmt":"2014-11-17T19:30:58","guid":{"rendered":"http:\/\/pubweb.carnet.hr\/udhm\/?page_id=2"},"modified":"2015-05-11T10:15:51","modified_gmt":"2015-05-11T09:15:51","slug":"primjer-stranice","status":"publish","type":"page","link":"https:\/\/udhm.hr\/?page_id=2","title":{"rendered":"O nama"},"content":{"rendered":"<p><a href=\"http:\/\/pubweb.carnet.hr\/udhm\/wp-content\/uploads\/sites\/339\/2014\/11\/ilustracija-fotolia-mreza-svijeta.jpg\"><img loading=\"lazy\" decoding=\"async\" class=\"alignnone size-medium wp-image-6\" src=\"http:\/\/pubweb.carnet.hr\/udhm\/wp-content\/uploads\/sites\/339\/2014\/11\/ilustracija-fotolia-mreza-svijeta-300x198.jpg\" alt=\"\" width=\"300\" height=\"198\" srcset=\"https:\/\/udhm.hr\/wp-content\/uploads\/sites\/339\/2014\/11\/ilustracija-fotolia-mreza-svijeta-300x198.jpg 300w, https:\/\/udhm.hr\/wp-content\/uploads\/sites\/339\/2014\/11\/ilustracija-fotolia-mreza-svijeta.jpg 590w\" sizes=\"auto, (max-width: 300px) 100vw, 300px\" \/><\/a><\/p>\n<p>Po\u0161tovane kolegice i kolege,<\/p>\n<p>\u010dast mi je obavijestiti Vas o osnivanju i radu Udruge dispe\u010dera hitne medicine \u2013 UDHM (EMERGENCY MEDICAL DISPATCHERS ASSOCIATION \u2013 EMDA)<\/p>\n<p>Udruga je osnovana na Osniva\u010dkoj skup\u0161tini Udruge dispe\u010dera hitne medicine, odr\u017eanoj 14. velja\u010de 2014. godine, a aktivno krenula sa radom tijekom 2014. godine.<\/p>\n<p>Udruga je osnovana kao samostalna neprofitna pravna osoba koja se upisuje u Registar Udruga RH i registrira pri nadle\u017enom uredu. Udruga je na zakonu utemeljen oblik dobrovoljnog stru\u010dnog organiziranja medicinskih sestara i medicinskih tehni\u010dara koji u svom radu sudjeluju u radu Medicinske prijavno-dojavne jedinice<\/p>\n<p>U Republici Hrvatskoj na poslove Medicinske prijavno-dojavne jedinice najve\u0107im dijelom raspore\u0111ene\/i su medicinske sestre \/ medicinski tehni\u010dari sa uspje\u0161no zavr\u0161enim te polo\u017eenim \u201eTreningom za dispe\u010dere medicinske prijavno-dojavne jedinice\u201c prema standardima Hrvatskog zavoda za\u00a0 hitnu medicinu, dok je u pojedinim dr\u017eavama dispe\u010derstvo prepoznato kao posebna profesija s formalno-pravnim obrazovanjem i zvanjem. Osnovni alat za svakodnevni rad u Medicinskoj prijavno-dojavnoj jedinici je Hrvatski indeks prijema hitnog medicinskog poziva \u010diji su izdava\u010di Ministarstvo zdravlja Republike Hrvatske, te Hrvatski zavod za hitnu medicinu. Hrvatski indeks prijema hitnog medicinskog poziva sastoji se od nekoliko stupaca: stupanj prioriteta, savjeta pozivatelju, odgovor sa popisom preporu\u010denih reakcija i savjeta te dodatnih pitanja. On predstavlja smjernice za rad zdravstvenih radnika u medicinskim prijavno-dojavnim jedinicama hitne medicinske slu\u017ebe, koji im omogu\u0107uje ispravno i dosljedno dodjeljivanje prioriteta svakom dolaznom pozivu, slu\u017ei kao osnova za utvr\u0111ivanje zajedni\u010dkog nazivlja i op\u0107enito kvalitete usluge medicinske prijavno-dojavne jedinice i hitne medicinske slu\u017ebe. Svaki zaprimljeni poziv trija\u017eira se sukladno navedenim simptomima od strane pozivatelja. Pri odre\u0111ivanja stupnja prioriteta od izrazite su va\u017enosti \u201eDodatna pitanja\u201c pozivatelju. Nakon pravilno odabranog prioriteta hitnosti, pozivatelja se savjetuje sukladno \u201eSavjetima pozivatelju\u201c te \u201eOdgovor\u201c medicinske prijavno-dojavne jedinice. Po \u201eOdgovoru\u201c poziv se ili proslje\u0111uje najbli\u017eem raspolo\u017eivom lije\u010dniku kao \u201eIntervencija\u201c ili se klasificira kao \u201eSavjet\u201c. Medicinska prijavno-dojavna jedinica ima izrazito velik utjecaj na pre\u017eivljavanje pacijenata, kao i na upravljanje sustavom hitne medicinske slu\u017ebe i drugim zdravstvenim djelatnostima. Zdravstveni radnici, u najve\u0107em broju medicinske sestre \/ medicinski tehni\u010dari, raspore\u0111eni na poslove u medicinskoj prijavno-dojavnoj jedinici svakodnevno koriste svoja bazi\u010dna znanja i niz komunikacijskih i drugih vje\u0161tina za \u0161to kvalitetniji rad na svojim radili\u0161tima vo\u0111eni Hrvatskim indeksom prijema hitnog medicinskog poziva. Uloga medicinskih sestara \/ medicinskih tehni\u010dara je izrazito bitna te kontinuiranom edukacijom, obnovom i \u0161irenjem znanja doprinose kvalitetnom radu i boljoj skrbi za same pacijente. Osim svojeg bazi\u010dnog znanja i treninga za rad, u svom radu koriste i druge interdisciplinarne vje\u0161tine u obliku geolokacijskog orijentiranja. Od iznimne va\u017enosti je poznavanje i drugih \u017eurnih slu\u017ebi, te interoperabilnost u me\u0111usobnoj komunikaciji. Udruga je osnovana u cilju promicanja uloge medicinskih sestara i tehni\u010dara u sustavu hitne medicine i Medicinske prijavno-dojavne jedinice; organiziranja, razvitka edukacije i unapre\u0111enja trajnog stru\u010dnog usavr\u0161avanja medicinskih sestara i tehni\u010dara koji sudjeluju u radu Medicinske prijavno-dojavne jedinice.<\/p>\n<p>&nbsp;<\/p>\n","protected":false},"excerpt":{"rendered":"<p>Po\u0161tovane kolegice i kolege, \u010dast mi je obavijestiti Vas o osnivanju i radu Udruge dispe\u010dera hitne medicine \u2013 UDHM (EMERGENCY MEDICAL DISPATCHERS ASSOCIATION \u2013 EMDA) Udruga je osnovana na Osniva\u010dkoj skup\u0161tini Udruge dispe\u010dera hitne medicine, odr\u017eanoj 14. velja\u010de 2014. godine, a aktivno krenula sa radom tijekom 2014. godine. Udruga je osnovana kao samostalna neprofitna pravna &hellip; <a href=\"https:\/\/udhm.hr\/?page_id=2\" class=\"more-link\">Nastavi \u010ditati <span class=\"screen-reader-text\">O nama<\/span> <span class=\"meta-nav\">&rarr;<\/span><\/a><\/p>\n","protected":false},"author":363,"featured_media":0,"parent":0,"menu_order":0,"comment_status":"closed","ping_status":"closed","template":"","meta":{"footnotes":""},"class_list":["post-2","page","type-page","status-publish","hentry"],"_links":{"self":[{"href":"https:\/\/udhm.hr\/index.php?rest_route=\/wp\/v2\/pages\/2","targetHints":{"allow":["GET"]}}],"collection":[{"href":"https:\/\/udhm.hr\/index.php?rest_route=\/wp\/v2\/pages"}],"about":[{"href":"https:\/\/udhm.hr\/index.php?rest_route=\/wp\/v2\/types\/page"}],"author":[{"embeddable":true,"href":"https:\/\/udhm.hr\/index.php?rest_route=\/wp\/v2\/users\/363"}],"replies":[{"embeddable":true,"href":"https:\/\/udhm.hr\/index.php?rest_route=%2Fwp%2Fv2%2Fcomments&post=2"}],"version-history":[{"count":0,"href":"https:\/\/udhm.hr\/index.php?rest_route=\/wp\/v2\/pages\/2\/revisions"}],"wp:attachment":[{"href":"https:\/\/udhm.hr\/index.php?rest_route=%2Fwp%2Fv2%2Fmedia&parent=2"}],"curies":[{"name":"wp","href":"https:\/\/api.w.org\/{rel}","templated":true}]}}