{"id":31,"date":"2015-01-02T20:42:17","date_gmt":"2015-01-02T19:42:17","guid":{"rendered":"http:\/\/pubweb.carnet.hr\/udhm\/?page_id=31"},"modified":"2026-01-15T18:21:11","modified_gmt":"2026-01-15T17:21:11","slug":"clanstvo-u-udruzi","status":"publish","type":"page","link":"https:\/\/udhm.hr\/?page_id=31","title":{"rendered":"\u010clanstvo u Udruzi"},"content":{"rendered":"<p>\u010clanstvo u\u00a0Udruzi je\u00a0je dragovoljno i slobodno, ono mo\u017ee biti redovno, pridru\u017eeno i kolektivno. \u010clanom Udruge mo\u017ee postati svaka\u00a0medicinska sestra ili medicinski tehni\u010dar, dr\u017eavljanin Republike Hrvatske, koji sudjeluje u radu medicinske prijavno-dojavne jedinice, a zavr\u0161ili su\u00a0 te\u010daj za dispe\u010dera medicinske prijavno-dojavne jedinice pod okriljem Hrvatskog zavoda za hitnu medicinu (HZHM), te sve fizi\u010dke osobe i strani dr\u017eavljanin koji sudjeluje u radu medicinske prijavno-dojavne jedinice, a \u017eele doprinijeti razvoju struke na prijedlog Predsjednika, ili temeljem pisanog zahtjeva za upis u registar \u010dlanova, a odobri ga Upravni odbor Udruge ve\u0107inom glasova.<\/p>\n<p>\u010clanstvo u Udruzi mo\u017ee biti redovno, pridru\u017eeno i kolektivno.\u00a0Redovni \u010dlanovi mogu biti medicinske sestre i medicinski\u00a0tehni\u010dari koje rade u djelatnosti medicinske prijavno-dojavne jedinice, zavr\u0161ili su\u00a0 te\u010daj za dispe\u010dera medicinske prijavno-dojavne jedinice pod okriljem HZHM, a upisani su u registar Komore.\u00a0Pridru\u017eeni \u010dlanovi su sve fizi\u010dke osobe koje \u017eele\u00a0pristupiti Udruzi, te strani dr\u017eavljani.\u00a0Kolektivno \u010dlanstvo namijenjeno je pravnim osobama koje \u017eele pomo\u0107i razvoju\u00a0struke.<\/p>\n<pre><a title=\"Dokumenti\" href=\"https:\/\/forms.gle\/Y4vstrDmrstZn91a6\">Zahtjev za \u010dlanstvo u UDHM<\/a><\/pre>\n","protected":false},"excerpt":{"rendered":"<p>\u010clanstvo u\u00a0Udruzi je\u00a0je dragovoljno i slobodno, ono mo\u017ee biti redovno, pridru\u017eeno i kolektivno. \u010clanom Udruge mo\u017ee postati svaka\u00a0medicinska sestra ili medicinski tehni\u010dar, dr\u017eavljanin Republike Hrvatske, koji sudjeluje u radu medicinske prijavno-dojavne jedinice, a zavr\u0161ili su\u00a0 te\u010daj za dispe\u010dera medicinske prijavno-dojavne jedinice pod okriljem Hrvatskog zavoda za hitnu medicinu (HZHM), te sve fizi\u010dke osobe i strani &hellip; <a href=\"https:\/\/udhm.hr\/?page_id=31\" class=\"more-link\">Nastavi \u010ditati <span class=\"screen-reader-text\">\u010clanstvo u Udruzi<\/span> <span class=\"meta-nav\">&rarr;<\/span><\/a><\/p>\n","protected":false},"author":363,"featured_media":0,"parent":2,"menu_order":0,"comment_status":"closed","ping_status":"closed","template":"","meta":{"footnotes":""},"class_list":["post-31","page","type-page","status-publish","hentry"],"_links":{"self":[{"href":"https:\/\/udhm.hr\/index.php?rest_route=\/wp\/v2\/pages\/31","targetHints":{"allow":["GET"]}}],"collection":[{"href":"https:\/\/udhm.hr\/index.php?rest_route=\/wp\/v2\/pages"}],"about":[{"href":"https:\/\/udhm.hr\/index.php?rest_route=\/wp\/v2\/types\/page"}],"author":[{"embeddable":true,"href":"https:\/\/udhm.hr\/index.php?rest_route=\/wp\/v2\/users\/363"}],"replies":[{"embeddable":true,"href":"https:\/\/udhm.hr\/index.php?rest_route=%2Fwp%2Fv2%2Fcomments&post=31"}],"version-history":[{"count":3,"href":"https:\/\/udhm.hr\/index.php?rest_route=\/wp\/v2\/pages\/31\/revisions"}],"predecessor-version":[{"id":794,"href":"https:\/\/udhm.hr\/index.php?rest_route=\/wp\/v2\/pages\/31\/revisions\/794"}],"up":[{"embeddable":true,"href":"https:\/\/udhm.hr\/index.php?rest_route=\/wp\/v2\/pages\/2"}],"wp:attachment":[{"href":"https:\/\/udhm.hr\/index.php?rest_route=%2Fwp%2Fv2%2Fmedia&parent=31"}],"curies":[{"name":"wp","href":"https:\/\/api.w.org\/{rel}","templated":true}]}}