{"id":444,"date":"2016-02-13T20:41:20","date_gmt":"2016-02-13T19:41:20","guid":{"rendered":"http:\/\/pubweb.carnet.hr\/udhm\/?page_id=444"},"modified":"2026-04-26T18:30:56","modified_gmt":"2026-04-26T16:30:56","slug":"publikacija","status":"publish","type":"page","link":"https:\/\/udhm.hr\/?page_id=444","title":{"rendered":"Publikacija"},"content":{"rendered":"<p><a href=\"https:\/\/www.erc.edu\/index.php\/events\/en\/10\/2015\/3\/eid=111\/\">Potra\u017eite i preuzmite relevantni materijal ERC-a (publikaciju, bro\u0161uru ili poster) kako biste ga podijelili s drugima<\/a><\/p>\n<p><a href=\"http:\/\/www.cprguidelines.eu\/\">Smjernice za kardiopulmonalnu reanimaciju<\/a><\/p>\n\n\n<p><a href=\"https:\/\/udhm.hr\/?p=806\">Bro\u0161ura za laringektomirane osobe: postupanje u hitnim situacijama i kontakt s hitnom medicinskom slu\u017ebom<\/a><\/p>\n\n\n\n<p><\/p>\n","protected":false},"excerpt":{"rendered":"<p>Potra\u017eite i preuzmite relevantni materijal ERC-a (publikaciju, bro\u0161uru ili poster) kako biste ga podijelili s drugima Smjernice za kardiopulmonalnu reanimaciju Bro\u0161ura za laringektomirane osobe: postupanje u hitnim situacijama i kontakt s hitnom medicinskom slu\u017ebom<\/p>\n","protected":false},"author":363,"featured_media":0,"parent":0,"menu_order":0,"comment_status":"closed","ping_status":"closed","template":"","meta":{"footnotes":""},"class_list":["post-444","page","type-page","status-publish","hentry"],"_links":{"self":[{"href":"https:\/\/udhm.hr\/index.php?rest_route=\/wp\/v2\/pages\/444","targetHints":{"allow":["GET"]}}],"collection":[{"href":"https:\/\/udhm.hr\/index.php?rest_route=\/wp\/v2\/pages"}],"about":[{"href":"https:\/\/udhm.hr\/index.php?rest_route=\/wp\/v2\/types\/page"}],"author":[{"embeddable":true,"href":"https:\/\/udhm.hr\/index.php?rest_route=\/wp\/v2\/users\/363"}],"replies":[{"embeddable":true,"href":"https:\/\/udhm.hr\/index.php?rest_route=%2Fwp%2Fv2%2Fcomments&post=444"}],"version-history":[{"count":2,"href":"https:\/\/udhm.hr\/index.php?rest_route=\/wp\/v2\/pages\/444\/revisions"}],"predecessor-version":[{"id":812,"href":"https:\/\/udhm.hr\/index.php?rest_route=\/wp\/v2\/pages\/444\/revisions\/812"}],"wp:attachment":[{"href":"https:\/\/udhm.hr\/index.php?rest_route=%2Fwp%2Fv2%2Fmedia&parent=444"}],"curies":[{"name":"wp","href":"https:\/\/api.w.org\/{rel}","templated":true}]}}