{"id":479,"date":"2016-05-13T13:31:15","date_gmt":"2016-05-13T12:31:15","guid":{"rendered":"http:\/\/pubweb.carnet.hr\/udhm\/?page_id=479"},"modified":"2016-05-13T13:45:02","modified_gmt":"2016-05-13T12:45:02","slug":"dispecerstvo-u-europi-i-svijetu","status":"publish","type":"page","link":"https:\/\/udhm.hr\/?page_id=479","title":{"rendered":"Dispe\u010derstvo u Europi i svijetu"},"content":{"rendered":"<p style=\"text-align: center\">U ni\u017ee navedenim linkovima mo\u017eete dobiti na uvid organizaciju dispe\u010derstva u Europi i svijetu<\/p>\n<p>&nbsp;<\/p>\n<p><a href=\"https:\/\/drive.google.com\/open?id=0B14M1mkMlBNXSkpCMmdYdjQtUDk2UXNEbGRhQndkMzFZUTlj\">primjer 1<\/a><\/p>\n<p><a href=\"https:\/\/drive.google.com\/open?id=0B14M1mkMlBNXdEI2U3YzdzlvSXdOUkhVN2s0Zk9RQzNOaDlN\">primjer 2<\/a><\/p>\n<p>&nbsp;<\/p>\n","protected":false},"excerpt":{"rendered":"<p>U ni\u017ee navedenim linkovima mo\u017eete dobiti na uvid organizaciju dispe\u010derstva u Europi i svijetu &nbsp; primjer 1 primjer 2 &nbsp;<\/p>\n","protected":false},"author":363,"featured_media":0,"parent":0,"menu_order":0,"comment_status":"closed","ping_status":"closed","template":"","meta":{"footnotes":""},"class_list":["post-479","page","type-page","status-publish","hentry"],"_links":{"self":[{"href":"https:\/\/udhm.hr\/index.php?rest_route=\/wp\/v2\/pages\/479","targetHints":{"allow":["GET"]}}],"collection":[{"href":"https:\/\/udhm.hr\/index.php?rest_route=\/wp\/v2\/pages"}],"about":[{"href":"https:\/\/udhm.hr\/index.php?rest_route=\/wp\/v2\/types\/page"}],"author":[{"embeddable":true,"href":"https:\/\/udhm.hr\/index.php?rest_route=\/wp\/v2\/users\/363"}],"replies":[{"embeddable":true,"href":"https:\/\/udhm.hr\/index.php?rest_route=%2Fwp%2Fv2%2Fcomments&post=479"}],"version-history":[{"count":2,"href":"https:\/\/udhm.hr\/index.php?rest_route=\/wp\/v2\/pages\/479\/revisions"}],"predecessor-version":[{"id":481,"href":"https:\/\/udhm.hr\/index.php?rest_route=\/wp\/v2\/pages\/479\/revisions\/481"}],"wp:attachment":[{"href":"https:\/\/udhm.hr\/index.php?rest_route=%2Fwp%2Fv2%2Fmedia&parent=479"}],"curies":[{"name":"wp","href":"https:\/\/api.w.org\/{rel}","templated":true}]}}